{"id":9,"date":"2021-01-09T14:25:24","date_gmt":"2021-01-09T13:25:24","guid":{"rendered":"http:\/\/colombes-orgue.org\/?page_id=9"},"modified":"2024-06-14T15:21:13","modified_gmt":"2024-06-14T13:21:13","slug":"lassociation","status":"publish","type":"page","link":"https:\/\/colombes-orgue.org\/?page_id=9","title":{"rendered":"L&rsquo;ASSOCIATION"},"content":{"rendered":"<div class=\"wp-block-image\">\n<figure class=\"aligncenter size-large\"><img loading=\"lazy\" decoding=\"async\" width=\"512\" height=\"512\" src=\"https:\/\/colombes-orgue.org\/wp-content\/uploads\/2021\/03\/cropped-logo-bleu-vectorise-jpg-3.jpg\" alt=\"\" class=\"wp-image-247\" srcset=\"https:\/\/colombes-orgue.org\/wp-content\/uploads\/2021\/03\/cropped-logo-bleu-vectorise-jpg-3.jpg 512w, https:\/\/colombes-orgue.org\/wp-content\/uploads\/2021\/03\/cropped-logo-bleu-vectorise-jpg-3-300x300.jpg 300w, https:\/\/colombes-orgue.org\/wp-content\/uploads\/2021\/03\/cropped-logo-bleu-vectorise-jpg-3-150x150.jpg 150w, https:\/\/colombes-orgue.org\/wp-content\/uploads\/2021\/03\/cropped-logo-bleu-vectorise-jpg-3-270x270.jpg 270w, https:\/\/colombes-orgue.org\/wp-content\/uploads\/2021\/03\/cropped-logo-bleu-vectorise-jpg-3-192x192.jpg 192w, https:\/\/colombes-orgue.org\/wp-content\/uploads\/2021\/03\/cropped-logo-bleu-vectorise-jpg-3-180x180.jpg 180w, https:\/\/colombes-orgue.org\/wp-content\/uploads\/2021\/03\/cropped-logo-bleu-vectorise-jpg-3-32x32.jpg 32w\" sizes=\"auto, (max-width: 512px) 100vw, 512px\" \/><\/figure>\n<\/div>\n\n\n<p class=\"has-text-align-center has-accent-background-color has-background has-large-font-size\"><strong>L&rsquo;association \u00ab&nbsp;Colombes.Orgue \u2013 Reconstruisons l\u2019orgue de Saint-Pierre Saint-Paul&nbsp;\u00bb<\/strong><\/p>\n\n\n\n<div class=\"wp-block-group has-subtle-background-background-color has-background\"><div class=\"wp-block-group__inner-container is-layout-flow wp-block-group-is-layout-flow\">\n<p>L\u2019association s\u2019est donn\u00e9e comme objectif d\u2019aider \u00e0 la reconstruction de l\u2019orgue pour faire de l\u2019Eglise Saint-Pierre Saint-Paul, un lieu important de rayonnement pour la ville, par cet orgue et par la musique.<\/p>\n\n\n\n<p>L\u2019association s\u2019appuiera sur des membres actifs et des donateurs.&nbsp;<\/p>\n\n\n\n<p>Elle a pour ambition, pour la reconstruction de l\u2019orgue, de promouvoir le projet pour r\u00e9unir le financement, d\u2019apporter une r\u00e9flexion technique pour faciliter les aspects techniques du projet et de faciliter les contacts entre les parties prenantes.<\/p>\n\n\n\n<p>Elle a ensuite pour ambition l\u2019organisation d\u2019\u00e9v\u00e8nements mettant en sc\u00e8ne cet orgue pour favoriser le rayonnement du lieu.<\/p>\n\n\n\n<p>Elle est constitu\u00e9e d\u2019un conseil d\u2019administration (une petite dizaine de membres), comportant en tant que membres de droit :<\/p>\n\n\n\n<ul class=\"wp-block-list\">\n<li>Le cur\u00e9 de la paroisse, le p\u00e8re Paul Wiedemann-Goiran<\/li>\n\n\n\n<li>Un repr\u00e9sentant de la Mairie, pas encore nomm\u00e9<\/li>\n\n\n\n<li>L\u2019organiste titulaire de la paroisse, Domenico Severin<\/li>\n<\/ul>\n\n\n\n<p>Le bureau de l\u2019association est compos\u00e9 de<\/p>\n\n\n\n<ul class=\"wp-block-list\">\n<li>Pierre H\u00e9bert, Pr\u00e9sident<\/li>\n\n\n\n<li>Guillaume Boulan, Vice-Pr\u00e9sident<\/li>\n\n\n\n<li>Bruno Lesbros, Secr\u00e9taire G\u00e9n\u00e9ral<\/li>\n\n\n\n<li>Denis Requin, Tr\u00e9sorier.<\/li>\n<\/ul>\n<\/div><\/div>\n\n\n\n<div class=\"wp-block-group has-background-color has-accent-background-color has-text-color has-background\"><div class=\"wp-block-group__inner-container is-layout-flow wp-block-group-is-layout-flow\">\n<p class=\"has-text-align-center has-large-font-size\"><strong>L&rsquo;association \u00ab&nbsp;Colombes.Orgue \u2013 Reconstruisons l\u2019orgue de Saint-Pierre Saint-Paul&nbsp;\u00bb <\/strong><\/p>\n\n\n\n<p class=\"has-text-align-center has-large-font-size\"><strong>Association<\/strong> <strong>r\u00e9gie par la loi de 1901 <\/strong><\/p>\n\n\n\n<p><\/p>\n\n\n\n<p><strong>Objet&nbsp;:<\/strong>&nbsp;apporter le soutien technique et financier \u00e0 tous travaux de construction, ou reconstruction de l&rsquo;orgue de l&rsquo;\u00e9glise Saint-Pierre Saint-Paul de Colombes et de participer, par cet orgue, au rayonnement culturel et musical du lieu et de la ville.<\/p>\n\n\n\n<p><strong>Si\u00e8ge social<\/strong>\u00a0: 12 rue Halphen, 92700 Colombes.<\/p>\n\n\n\n<p><strong>Date de la d\u00e9claration :<em>&nbsp;<\/em><\/strong>22 novembre 2020<strong><em>.<\/em><\/strong><\/p>\n\n\n\n<p>Num\u00e9ro RNA W922018181  &#8211; Code APE 9499Z &#8211; SIRET 891 736 456 00015<\/p>\n<\/div><\/div>\n\n\n\n<div class=\"wp-block-buttons is-horizontal is-content-justification-center is-layout-flex wp-container-core-buttons-is-layout-499968f5 wp-block-buttons-is-layout-flex\">\n<div class=\"wp-block-button is-style-outline is-style-outline--1\"><a class=\"wp-block-button__link has-accent-color has-subtle-background-background-color has-text-color has-background wp-element-button\" href=\"https:\/\/colombes-orgue.org\/?page_id=34(ouvre un nouvel onglet)\" style=\"border-radius:23px\">Vous souhaitez nous contacter &#8211; Cliquez ici<\/a><\/div>\n<\/div>\n\n\n\n<hr class=\"wp-block-separator has-css-opacity aligncenter\"\/>\n\n\n\n<div class=\"wp-block-buttons is-horizontal is-content-justification-center is-layout-flex wp-container-core-buttons-is-layout-499968f5 wp-block-buttons-is-layout-flex\">\n<div class=\"wp-block-button has-custom-width wp-block-button__width-50 is-style-outline is-style-outline--2\"><a class=\"wp-block-button__link has-accent-color has-subtle-background-background-color has-text-color has-background wp-element-button\" href=\"https:\/\/colombes-orgue.org\" style=\"border-radius:50px\">retour a l&rsquo;accueil<\/a><\/div>\n<\/div>\n","protected":false},"excerpt":{"rendered":"<p>L&rsquo;association \u00ab&nbsp;Colombes.Orgue \u2013 Reconstruisons l\u2019orgue de Saint-Pierre Saint-Paul&nbsp;\u00bb L\u2019association s\u2019est donn\u00e9e comme objectif d\u2019aider \u00e0 la reconstruction de l\u2019orgue pour faire de l\u2019Eglise Saint-Pierre Saint-Paul, un lieu important de rayonnement pour la ville, par cet orgue et par la musique. L\u2019association s\u2019appuiera sur des membres actifs et des donateurs.&nbsp; Elle a pour ambition, pour la [&hellip;]<\/p>\n","protected":false},"author":1,"featured_media":0,"parent":0,"menu_order":0,"comment_status":"closed","ping_status":"closed","template":"templates\/template-full-width.php","meta":{"footnotes":""},"class_list":["post-9","page","type-page","status-publish","hentry"],"_links":{"self":[{"href":"https:\/\/colombes-orgue.org\/index.php?rest_route=\/wp\/v2\/pages\/9","targetHints":{"allow":["GET"]}}],"collection":[{"href":"https:\/\/colombes-orgue.org\/index.php?rest_route=\/wp\/v2\/pages"}],"about":[{"href":"https:\/\/colombes-orgue.org\/index.php?rest_route=\/wp\/v2\/types\/page"}],"author":[{"embeddable":true,"href":"https:\/\/colombes-orgue.org\/index.php?rest_route=\/wp\/v2\/users\/1"}],"replies":[{"embeddable":true,"href":"https:\/\/colombes-orgue.org\/index.php?rest_route=%2Fwp%2Fv2%2Fcomments&post=9"}],"version-history":[{"count":32,"href":"https:\/\/colombes-orgue.org\/index.php?rest_route=\/wp\/v2\/pages\/9\/revisions"}],"predecessor-version":[{"id":1126,"href":"https:\/\/colombes-orgue.org\/index.php?rest_route=\/wp\/v2\/pages\/9\/revisions\/1126"}],"wp:attachment":[{"href":"https:\/\/colombes-orgue.org\/index.php?rest_route=%2Fwp%2Fv2%2Fmedia&parent=9"}],"curies":[{"name":"wp","href":"https:\/\/api.w.org\/{rel}","templated":true}]}}