{"id":31,"date":"2021-01-11T11:13:03","date_gmt":"2021-01-11T10:13:03","guid":{"rendered":"http:\/\/colombes-orgue.org\/?page_id=31"},"modified":"2021-06-05T08:54:57","modified_gmt":"2021-06-05T06:54:57","slug":"liens","status":"publish","type":"page","link":"https:\/\/colombes-orgue.org\/?page_id=31","title":{"rendered":"INFOS"},"content":{"rendered":"\n<div class=\"wp-block-group alignwide has-background-color has-accent-background-color has-text-color has-background\"><div class=\"wp-block-group__inner-container is-layout-flow wp-block-group-is-layout-flow\">\n<p class=\"has-text-align-center has-large-font-size\">L&rsquo;orgue, comment \u00e7a marche .<\/p>\n\n\n\n<p class=\"has-small-font-size\">Selon votre connexion, patientez quelques instants pour visualiser ce reportage de Radio France<\/p>\n\n\n\n<figure class=\"wp-block-embed is-type-video is-provider-youtube wp-block-embed-youtube wp-embed-aspect-16-9 wp-has-aspect-ratio\"><div class=\"wp-block-embed__wrapper\">\n<iframe loading=\"lazy\" title=\"L&#039;orgue, comment \u00e7a marche ? Karol Mossakowski\" width=\"580\" height=\"326\" src=\"https:\/\/www.youtube.com\/embed\/F7izTr_l8Cw?feature=oembed\" frameborder=\"0\" allow=\"accelerometer; autoplay; clipboard-write; encrypted-media; gyroscope; picture-in-picture; web-share\" referrerpolicy=\"strict-origin-when-cross-origin\" allowfullscreen><\/iframe>\n<\/div><\/figure>\n<\/div><\/div>\n\n\n\n<hr class=\"wp-block-separator\"\/>\n\n\n\n<div class=\"wp-block-group alignwide has-accent-color has-subtle-background-background-color has-text-color has-background\"><div class=\"wp-block-group__inner-container is-layout-flow wp-block-group-is-layout-flow\">\n<div class=\"wp-block-buttons is-content-justification-center is-layout-flex wp-block-buttons-is-layout-flex\">\n<div class=\"wp-block-button has-custom-width wp-block-button__width-100 is-style-outline is-style-outline--1\"><a class=\"wp-block-button__link has-accent-color has-background-background-color has-text-color has-background\" href=\" http:\/\/www.orgue-isabellesebah.com\/quest-ce-quun-orgue\/\" style=\"border-radius:20px\">Qu&rsquo;est-ce qu&rsquo;un orgue &#8211; Isabelle SEBAH &#8211; cliquez ici<\/a><\/div>\n<\/div>\n<\/div><\/div>\n\n\n\n<hr class=\"wp-block-separator is-style-default\"\/>\n\n\n<ul class=\"wp-block-latest-posts__list aligncenter wp-block-latest-posts\"><li><a class=\"wp-block-latest-posts__post-title\" href=\"https:\/\/colombes-orgue.org\/?p=1233\">Duo Barcaroles Dimanche 15 mars 15H Eglise Saint-Pierre Saint-Paul de Colombes<\/a><div class=\"wp-block-latest-posts__post-excerpt\"><\/div><\/li>\n<li><a class=\"wp-block-latest-posts__post-title\" href=\"https:\/\/colombes-orgue.org\/?p=1225\">L&rsquo;Orchestre Impromptu et le Choeur Amadeus Samedi 6 d\u00e9cembre 20H30 Eglise Saint-Pierre Saint-Paul de Colombes<\/a><div class=\"wp-block-latest-posts__post-excerpt\"><\/div><\/li>\n<li><a class=\"wp-block-latest-posts__post-title\" href=\"https:\/\/colombes-orgue.org\/?p=1221\">Charles Balayer orgue Hammond Vendredi 7 novembre 20H30 Eglise Saint-Pierre Saint-Paul de Colombes<\/a><div class=\"wp-block-latest-posts__post-excerpt\"><\/div><\/li>\n<li><a class=\"wp-block-latest-posts__post-title\" href=\"https:\/\/colombes-orgue.org\/?p=1209\">F\u00eate de la Musique 21 juin 2025 Parvis de l&rsquo;\u00e9glise St Pierre &#8211; St Paul 20H30 La Bande des Hautbois<\/a><div class=\"wp-block-latest-posts__post-excerpt\">Dirig\u00e9e par Claude Villevieille. Cet ensemble unique de hautbo\u00efstes et bassonistes vous fera voyager de la musique Baroque aux musiques de films, pour c\u00e9l\u00e9brer l&rsquo;arriv\u00e9e de l&rsquo;\u00e9t\u00e9.<\/div><\/li>\n<li><a class=\"wp-block-latest-posts__post-title\" href=\"https:\/\/colombes-orgue.org\/?p=1198\">Quintette de cuivres Magnifica et Fr\u00e9d\u00e9ric Mellardi Dimanche 25 mai 16H00 Eglise Saint-Pierre Saint-Paul de Colombes<\/a><div class=\"wp-block-latest-posts__post-excerpt\"><\/div><\/li>\n<\/ul>\n\n\n<div class=\"wp-block-buttons is-content-justification-center is-layout-flex wp-block-buttons-is-layout-flex\">\n<div class=\"wp-block-button has-custom-width wp-block-button__width-50 is-style-outline is-style-outline--2\"><a class=\"wp-block-button__link has-accent-color has-subtle-background-background-color has-text-color has-background\" href=\"https:\/\/colombes-orgue.org\" style=\"border-radius:50px\">retour \u00e0 l&rsquo;accueil<\/a><\/div>\n<\/div>\n\n\n\n<p><\/p>\n","protected":false},"excerpt":{"rendered":"<p>L&rsquo;orgue, comment \u00e7a marche . Selon votre connexion, patientez quelques instants pour visualiser ce reportage de Radio France<\/p>\n","protected":false},"author":1,"featured_media":0,"parent":0,"menu_order":0,"comment_status":"closed","ping_status":"closed","template":"","meta":{"footnotes":""},"class_list":["post-31","page","type-page","status-publish","hentry"],"_links":{"self":[{"href":"https:\/\/colombes-orgue.org\/index.php?rest_route=\/wp\/v2\/pages\/31","targetHints":{"allow":["GET"]}}],"collection":[{"href":"https:\/\/colombes-orgue.org\/index.php?rest_route=\/wp\/v2\/pages"}],"about":[{"href":"https:\/\/colombes-orgue.org\/index.php?rest_route=\/wp\/v2\/types\/page"}],"author":[{"embeddable":true,"href":"https:\/\/colombes-orgue.org\/index.php?rest_route=\/wp\/v2\/users\/1"}],"replies":[{"embeddable":true,"href":"https:\/\/colombes-orgue.org\/index.php?rest_route=%2Fwp%2Fv2%2Fcomments&post=31"}],"version-history":[{"count":18,"href":"https:\/\/colombes-orgue.org\/index.php?rest_route=\/wp\/v2\/pages\/31\/revisions"}],"predecessor-version":[{"id":953,"href":"https:\/\/colombes-orgue.org\/index.php?rest_route=\/wp\/v2\/pages\/31\/revisions\/953"}],"wp:attachment":[{"href":"https:\/\/colombes-orgue.org\/index.php?rest_route=%2Fwp%2Fv2%2Fmedia&parent=31"}],"curies":[{"name":"wp","href":"https:\/\/api.w.org\/{rel}","templated":true}]}}