{"id":19,"date":"2021-01-11T11:11:28","date_gmt":"2021-01-11T10:11:28","guid":{"rendered":"http:\/\/colombes-orgue.org\/?page_id=19"},"modified":"2021-05-12T18:31:28","modified_gmt":"2021-05-12T16:31:28","slug":"patrimoine-culturel-et-pedagogique","status":"publish","type":"page","link":"https:\/\/colombes-orgue.org\/?page_id=19","title":{"rendered":"NOTRE AMBITION"},"content":{"rendered":"\n<p class=\"has-text-align-center has-accent-background-color has-background\" style=\"font-size:24px\"><strong>UNE RECONSTRUCTION AU SERVICE D&rsquo;UNE AMBITION CULTURELLE ET PEDAGOGIQUE<\/strong><\/p>\n\n\n\n<div class=\"wp-block-group alignwide has-accent-background-color has-background\"><div class=\"wp-block-group__inner-container is-layout-flow wp-block-group-is-layout-flow\">\n<p>L\u2019orgue appartient au patrimoine historique de l\u2019\u00e9glise Saint-Pierre Saint-Paul.<\/p>\n\n\n\n<p>Il est essentiel de le sauvegarder et de l\u2019enrichir en respectant son histoire mais \u00e9galement en s\u2019appuyant sur les moyens modernes. Avec la reconstruction de l\u2019orgue, il s\u2019agit de redonner toute sa puissance \u00e0 cet instrument de musique fascinant et souvent myst\u00e9rieux.<\/p>\n<\/div><\/div>\n\n\n\n<div class=\"wp-block-group has-subtle-background-background-color has-background\"><div class=\"wp-block-group__inner-container is-layout-flow wp-block-group-is-layout-flow\">\n<p class=\"has-text-align-center has-larger-font-size\"><strong>Un lieu unique<\/strong><\/p>\n\n\n\n<p>L\u2019\u00e9glise Saint-Pierre Saint-Paul dispose d\u2019une grande capacit\u00e9 d\u2019accueil qui lui conf\u00e8re un attrait remarquable dans le d\u00e9partement des Hauts-de-Seine.<\/p>\n\n\n\n<p>Nous avons la chance d\u2019avoir une \u00e9glise avec une architecture particuli\u00e8re. La nef est construite en forme de losange, de 29&nbsp;m\u00e8tres de c\u00f4t\u00e9. Sa vo\u00fbte de couverture (un voile autoportant) s\u2019\u00e9l\u00e8ve \u00e0 plus de 20 m\u00e8tres de hauteur en son point le plus \u00e9lev\u00e9. Sans aucun point d\u2019appui interm\u00e9diaire, elle laisse un espace enti\u00e8rement d\u00e9gag\u00e9 lui conf\u00e9rant ainsi l\u2019atout d\u2019un auditorium dont les vitraux modernes offrent des jeux de lumi\u00e8re et de couleurs tout \u00e0 fait uniques et s\u00e9duisants.<\/p>\n\n\n\n<p><strong>En s\u2019appuyant sur l\u2019orgue reconstruit, l\u2019association Colombes.Orgue souhaite valoriser ce lieu en d\u00e9veloppant des projets ambitieux tant sur le plan culturel que p\u00e9dagogique.<\/strong><\/p>\n<\/div><\/div>\n\n\n\n<div class=\"wp-block-group has-accent-background-color has-background\"><div class=\"wp-block-group__inner-container is-layout-flow wp-block-group-is-layout-flow\">\n<div class=\"wp-block-group\"><div class=\"wp-block-group__inner-container is-layout-flow wp-block-group-is-layout-flow\">\n<p class=\"has-text-align-center has-larger-font-size\"><strong>Une ambition culturelle<\/strong><\/p>\n<\/div><\/div>\n\n\n\n<p>L\u2019association Colombes.Orgue veut promouvoir la d\u00e9couverte d\u2019un patrimoine unique et d\u2019un instrument souvent m\u00e9connu. Cet instrument participera au rayonnement culturel local et r\u00e9gional et sera con\u00e7u pour accompagner toutes les formes de cr\u00e9ativit\u00e9 qui seront d\u00e9couvertes lors de diverses&nbsp;manifestations en partenariat avec des associations et des institutions. De plus, Colombes sera ainsi dot\u00e9 d\u2019un orgue de qualit\u00e9 qui attirera les meilleurs instrumentistes.<\/p>\n\n\n\n<p>Nous imaginons l\u2019orgue nouer des relations in\u00e9dites avec d\u2019autres disciplines artistiques notamment dans le cadre du spectacle vivant.<\/p>\n\n\n\n<p>Ainsi plusieurs actions pourraient \u00eatre mises en place&nbsp;:<\/p>\n\n\n\n<ul class=\"wp-block-list\"><li>Tisser des partenariats avec le conservatoire ainsi que d\u2019autres associations<\/li><li>Proposer des concerts d\u2019orgue soliste ou avec divers ensembles instrumentaux<\/li><li>Favoriser la cr\u00e9ation aupr\u00e8s de compositeurs<\/li><li>Accompagnement musical de films muets<\/li><li>Conf\u00e9rences, expositions, visites<\/li><li>\u2026<\/li><\/ul>\n<\/div><\/div>\n\n\n\n<div class=\"wp-block-group\"><div class=\"wp-block-group__inner-container is-layout-flow wp-block-group-is-layout-flow\">\n<div class=\"wp-block-group alignwide has-subtle-background-background-color has-background\"><div class=\"wp-block-group__inner-container is-layout-flow wp-block-group-is-layout-flow\">\n<p class=\"has-text-align-center has-larger-font-size\"><strong>Une ambition p\u00e9dagogique<\/strong><\/p>\n\n\n\n<p>Nous souhaitons contribuer \u00e0 une meilleure connaissance de l\u2019orgue par la d\u00e9couverte des diff\u00e9rents m\u00e9tiers associ\u00e9s (organiste titulaire, concertiste d\u2019orgue, facteur d\u2019orgue, acousticien, m\u00e9tiers d\u2019art), des divers r\u00e9pertoires, de l\u2019histoire de l\u2019instrument\u2026<\/p>\n\n\n\n<p>Ainsi nous pouvons envisager&nbsp;:<\/p>\n\n\n\n<div class=\"wp-block-group is-layout-flow wp-block-group-is-layout-flow\"><div class=\"wp-block-group__inner-container\"><\/div><\/div>\n\n\n\n<ul class=\"wp-block-list\"><li>Des actions de sensibilisation \u00e0 destination des jeunes et du public scolaire<\/li><li>La d\u00e9couverte du travail de l\u2019organiste interpr\u00e8te<\/li><li>Le travail du compositeur qui \u00e9crit une \u0153uvre pour l\u2019orgue (artiste en r\u00e9sidence)<\/li><li>Un partenariat privil\u00e9gi\u00e9 avec le conservatoire de Colombes ainsi qu\u2019avec d\u2019autres associations artistiques locales<\/li><li>La cr\u00e9ation d\u2019une classe d\u2019orgue au conservatoire<\/li><li>La proposition de stages et l\u2019encouragement de la pratique amateur.<\/li><li>L\u2019appel \u00e0 la cr\u00e9ation<\/li><\/ul>\n<\/div><\/div>\n<\/div><\/div>\n\n\n\n<div class=\"wp-block-group has-accent-background-color has-background\"><div class=\"wp-block-group__inner-container is-layout-flow wp-block-group-is-layout-flow\">\n<p class=\"has-text-align-center has-background-color has-accent-background-color has-text-color has-background has-large-font-size\"><strong>Au b\u00e9n\u00e9fice de la qualit\u00e9 des c\u00e9l\u00e9brations cultuelles<\/strong><\/p>\n\n\n\n<p>Cette reconstruction de l\u2019orgue profitera bien-s\u00fbr aux paroissiens participant aux offices propos\u00e9s par la paroisse de Saint-Pierre Saint-Paul\u00a0; la musique jou\u00e9e sur un instrument de qualit\u00e9 constitue un puissant soutien dans la pri\u00e8re et la m\u00e9ditation.<\/p>\n\n\n\n<p>Cette qualit\u00e9 musicale retrouv\u00e9e permettra \u00e0 tous d\u2019entendre de nouveau les \u0153uvres jou\u00e9es avant le d\u00e9but de la c\u00e9l\u00e9bration, et celles qui la cl\u00f4turent, dans le mouvement vers la sortie de l\u2019\u00e9glise. Les pi\u00e8ces jou\u00e9es en cette circonstance sont souvent vivaces et suscitent de la joie.<\/p>\n\n\n\n<p>Les paroissiens ne manqueront pas de participer de mani\u00e8re significative au financement de reconstruction de l\u2019orgue.<\/p>\n<\/div><\/div>\n\n\n\n<div class=\"wp-block-group\"><div class=\"wp-block-group__inner-container is-layout-flow wp-block-group-is-layout-flow\">\n<div class=\"wp-block-group alignwide has-subtle-background-background-color has-background\"><div class=\"wp-block-group__inner-container is-layout-flow wp-block-group-is-layout-flow\">\n<p class=\"has-text-align-center has-normal-font-size\"><strong>La reconstruction de l\u2019orgue permet un ambitieux projet culturel et p\u00e9dagogique. <\/strong><\/p>\n\n\n\n<p>Il sera alors possible de b\u00e2tir des initiatives de sensibilisation d\u2019un large public \u00e0 tout ce qui touche l\u2019orgue et la musique d\u2019orgue.&nbsp;<\/p>\n\n\n\n<p>Nous pourrons proposer une programmation musicale, inviter des organistes de renom, organiser de prestigieuses manifestations mais \u00e9galement participer \u00e0 des \u00e9v\u00e8nements locaux ou nationaux (forum des associations, festivals, Journ\u00e9es du Patrimoine, Jour de l\u2019Orgue, F\u00eate de la Musique, Nuits blanches, etc.) dans l\u2019objectif de faire rayonner l\u2019instrument au-del\u00e0 de la seule ville de Colombes.<\/p>\n<\/div><\/div>\n<\/div><\/div>\n\n\n\n<p> <\/p>\n\n\n\n<hr class=\"wp-block-separator\"\/>\n\n\n\n<div class=\"wp-block-buttons is-content-justification-center is-layout-flex wp-block-buttons-is-layout-flex\">\n<div class=\"wp-block-button has-custom-width wp-block-button__width-50 is-style-outline is-style-outline--1\"><a class=\"wp-block-button__link has-subtle-background-background-color has-background\" href=\"https:\/\/colombes-orgue.org\" style=\"border-radius:50px\">retour \u00e0 l&rsquo;accueil<\/a><\/div>\n<\/div>\n","protected":false},"excerpt":{"rendered":"<p>UNE RECONSTRUCTION AU SERVICE D&rsquo;UNE AMBITION CULTURELLE ET PEDAGOGIQUE L\u2019orgue appartient au patrimoine historique de l\u2019\u00e9glise Saint-Pierre Saint-Paul. Il est essentiel de le sauvegarder et de l\u2019enrichir en respectant son histoire mais \u00e9galement en s\u2019appuyant sur les moyens modernes. Avec la reconstruction de l\u2019orgue, il s\u2019agit de redonner toute sa puissance \u00e0 cet instrument de [&hellip;]<\/p>\n","protected":false},"author":1,"featured_media":0,"parent":0,"menu_order":0,"comment_status":"closed","ping_status":"closed","template":"templates\/template-full-width.php","meta":{"footnotes":""},"class_list":["post-19","page","type-page","status-publish","hentry"],"_links":{"self":[{"href":"https:\/\/colombes-orgue.org\/index.php?rest_route=\/wp\/v2\/pages\/19","targetHints":{"allow":["GET"]}}],"collection":[{"href":"https:\/\/colombes-orgue.org\/index.php?rest_route=\/wp\/v2\/pages"}],"about":[{"href":"https:\/\/colombes-orgue.org\/index.php?rest_route=\/wp\/v2\/types\/page"}],"author":[{"embeddable":true,"href":"https:\/\/colombes-orgue.org\/index.php?rest_route=\/wp\/v2\/users\/1"}],"replies":[{"embeddable":true,"href":"https:\/\/colombes-orgue.org\/index.php?rest_route=%2Fwp%2Fv2%2Fcomments&post=19"}],"version-history":[{"count":33,"href":"https:\/\/colombes-orgue.org\/index.php?rest_route=\/wp\/v2\/pages\/19\/revisions"}],"predecessor-version":[{"id":750,"href":"https:\/\/colombes-orgue.org\/index.php?rest_route=\/wp\/v2\/pages\/19\/revisions\/750"}],"wp:attachment":[{"href":"https:\/\/colombes-orgue.org\/index.php?rest_route=%2Fwp%2Fv2%2Fmedia&parent=19"}],"curies":[{"name":"wp","href":"https:\/\/api.w.org\/{rel}","templated":true}]}}