{"id":180,"date":"2021-03-30T18:41:26","date_gmt":"2021-03-30T16:41:26","guid":{"rendered":"https:\/\/colombes-orgue.org\/?page_id=180"},"modified":"2021-05-12T21:00:54","modified_gmt":"2021-05-12T19:00:54","slug":"volet-musical","status":"publish","type":"page","link":"https:\/\/colombes-orgue.org\/?page_id=180","title":{"rendered":"Volet musical"},"content":{"rendered":"\n<div class=\"wp-block-group has-accent-background-color has-background\"><div class=\"wp-block-group__inner-container is-layout-flow wp-block-group-is-layout-flow\">\n<p>Une qualit\u00e9 musicale ambitieuse est naturellement une exigence inh\u00e9rente \u00e0 un projet de reconstruction de l\u2019orgue de Saint-Pierre Saint-Paul de Colombes. C\u2019est \u00e9videmment le but de ce projet.&nbsp;<\/p>\n\n\n\n<p>Les raisons associ\u00e9es \u00e0 ce but, en partie d\u00e9j\u00e0 \u00e9voqu\u00e9es plus haut,&nbsp;militent pour&nbsp;:<\/p>\n\n\n\n<ul class=\"wp-block-list\"><li>un orgue dont la musicalit\u00e9 suscite l\u2019\u00e9motion\u2026<\/li><li>un instrument \u00e0 la hauteur du lieu\u2026.<\/li><li>un instrument ouvert \u00e0 une large partie du r\u00e9pertoire\u2026<\/li><li>un orgue qui permette d\u2019envisager une authentique ambition culturelle et p\u00e9dagogique.&nbsp;<\/li><\/ul>\n\n\n\n<p>S\u2019il est clair que l\u2019ensemble de ce qui sera fait sur l\u2019orgue contribue d\u2019une mani\u00e8re ou d\u2019une autre \u00e0 am\u00e9liorer les qualit\u00e9s musicales de l\u2019instrument, on peut noter trois contributions majeures&nbsp;:<\/p>\n\n\n\n<ul class=\"wp-block-list\"><li>Tout ce qui pourra \u00eatre fait au niveau de la tuyauterie ancienne ainsi que des ajouts<\/li><li>L\u2019apport de la commande informatique<\/li><li>Sur\u00e9lever la partie sonore de l\u2019instrument<\/li><\/ul>\n<\/div><\/div>\n\n\n\n<hr class=\"wp-block-separator aligncenter is-style-default\"\/>\n\n\n\n<div class=\"wp-block-group has-subtle-background-background-color has-background\"><div class=\"wp-block-group__inner-container is-layout-flow wp-block-group-is-layout-flow\">\n<p class=\"has-text-align-center has-larger-font-size\"><strong>Travaux au niveau sur la tuyauterie ancienne et ajout de nouveaux jeux et d&rsquo;un clavier suppl\u00e9mentaire<\/strong><\/p>\n\n\n\n<p class=\"has-text-align-center has-large-font-size\"><strong>L&rsquo;orgue\u2026&nbsp;&nbsp;un orchestre symphonique :<\/strong><\/p>\n\n\n\n<p>Un orchestre symphonique est compos\u00e9 de pupitres&nbsp;: violons, violons alto, violoncelles contrebasses, fl\u00fbtes, hautbois, trompettes, cors, timbales, trombones \u2026.<\/p>\n\n\n\n<p>Suivant le compositeur et le r\u00e9pertoire, la composition de l\u2019orchestre change, en nombre de pupitres, en effectif par pupitre.<\/p>\n\n\n\n<p>Dans un orgue, l\u2019\u00e9quivalent du pupitre, c\u2019est le jeu. Certains reprennent les noms des instruments&nbsp;: hautbois, trompette\u2026.<\/p>\n\n\n\n<p>L\u2019orgue est un instrument complexe, il comporte de nombreux jeux. Apr\u00e8s reconstruction Il comprendra pr\u00e8s de 2000 tuyaux.<\/p>\n<\/div><\/div>\n\n\n\n<div class=\"wp-block-group has-background-color has-accent-background-color has-text-color has-background\"><div class=\"wp-block-group__inner-container is-layout-flow wp-block-group-is-layout-flow\">\n<p class=\"has-text-align-center has-large-font-size\"><strong>Augmenter le nombre de jeux et ajouter un clavier \u00e0 l\u2019orgue de Colombes<\/strong><\/p>\n\n\n\n<p>L\u2019objectif pour l\u2019orgue de Colombes est d&rsquo;ouvrir l\u2019instrument \u00e0 un large r\u00e9pertoire, y compris de musique contemporaine\u2026 (dans une \u00e9glise contemporaine).&nbsp;<\/p>\n\n\n\n<p>Quelques jeux caract\u00e9ristiques et fondamentaux de l\u2019orgue initial ont \u00e9t\u00e9 supprim\u00e9s au fil des ann\u00e9es pour \u00ab&nbsp;\u00e9claircir&nbsp;\u00bb la sonorit\u00e9 d\u2019ensemble par l\u2019ajout d\u2019une tuyauterie aux sonorit\u00e9s aigues. Ces ajouts seront bien entendu conserv\u00e9s et perfectionn\u00e9s, les jeux supprim\u00e9s seront restitu\u00e9s.<\/p>\n\n\n\n<p>Il est \u00e9galement souhaitable&nbsp;&nbsp;de compl\u00e9ter la puissance et la palette sonore de l&rsquo;instrument par l&rsquo;ajout de quelques nouveaux jeux.<\/p>\n\n\n\n<p>Pour commander ces nouveaux jeux, il sera n\u00e9cessaire de disposer d&rsquo;un troisi\u00e8me clavier.<\/p>\n\n\n\n<p>Ce clavier suppl\u00e9mentaire permettra aussi une plus grande combinaison des sons de l&rsquo;orgue.<\/p>\n<\/div><\/div>\n\n\n\n<div class=\"wp-block-group has-subtle-background-background-color has-background\"><div class=\"wp-block-group__inner-container is-layout-flow wp-block-group-is-layout-flow\">\n<p class=\"has-text-align-center has-large-font-size\"><strong>Accorder et harmoniser l\u2019ensemble de l\u2019instrument<\/strong><\/p>\n\n\n\n<p>La qualit\u00e9 de l\u2019orchestre d\u00e9pend de la qualit\u00e9 de chaque pupitre, de la qualit\u00e9 de chaque instrument. Pour qu\u2019un orchestre sonne bien, il faut que les instruments des diff\u00e9rents pupitres soient bien accord\u00e9s entre eux, ainsi, tous les jeux, tous les tuyaux doivent \u00eatre harmonis\u00e9s et accord\u00e9s. Le r\u00e9sultat sonore doit apparaitre \u00e0 l\u2019\u00e9coute comme extr\u00eamement \u00ab\u00a0naturel\u00a0\u00bb. Chaque jeu doit garder sa personnalit\u00e9 tout en se fondant et s\u2019harmonisant avec les autres jeux.<\/p>\n\n\n\n<p>Nous recherchons aussi une sonorit\u00e9 qui, tout en pouvant faire r\u00e9sonner les grandes \u0153uvres du r\u00e9pertoire avec conviction, puisse avoir un accent unique,\u00a0<strong>une signature<\/strong>.<\/p>\n<\/div><\/div>\n\n\n\n<div class=\"wp-block-group has-background-color has-accent-background-color has-text-color has-background\"><div class=\"wp-block-group__inner-container is-layout-flow wp-block-group-is-layout-flow\">\n<p class=\"has-text-align-center has-large-font-size\"><strong>L&rsquo;apport de la commande informatique<\/strong><\/p>\n\n\n\n<p><strong>La commande informatique permet des ouvertures sur le plan musical car il est possible de mieux exploiter les diff\u00e9rents rangs de la tuyauterie.&nbsp;<\/strong><\/p>\n\n\n\n<p>Elle permet aussi une ouverture sur la cr\u00e9ation contemporaine, notamment vers tout ce qui rel\u00e8ve de la musique \u00e9lectronique, \u00e9lectroacoustique, spectrale, etc., domaines qui sont l\u2019actualit\u00e9 des compositeurs d\u2019aujourd\u2019hui.<\/p>\n<\/div><\/div>\n\n\n\n<div class=\"wp-block-group has-subtle-background-background-color has-background\"><div class=\"wp-block-group__inner-container is-layout-flow wp-block-group-is-layout-flow\">\n<p class=\"has-text-align-center has-large-font-size\"><strong>Sur\u00e9lever la partie sonore de l&rsquo;instrument<\/strong><\/p>\n\n\n\n<p>Le b\u00e9ton absorbe \u00e9norm\u00e9ment les fr\u00e9quences moyennes et aig\u00fces, et donc amplifie et prolonge les fr\u00e9quences graves.&nbsp;<\/p>\n\n\n\n<p>Il g\u00e9n\u00e8re aussi un son tr\u00e8s direct. Ainsi, les sonorit\u00e9s s\u2019amalgament \u00e0 une certaine distance de la source sonore. C&rsquo;est pourquoi il est important que l&rsquo;orgue soit \u00e0 distance de l&rsquo;auditoire, mais aussi de l\u2019organiste. Pour ce faire, il s&rsquo;agit de sur\u00e9lever d&rsquo;ensemble de la tuyauterie et ce qui la fait fonctionner.&nbsp;<\/p>\n\n\n\n<p><strong>Afin que le son se d\u00e9ploie convenablement, il convient que la source sonore soit plus haute d\u2019au moins un m\u00e8tre.&nbsp;<\/strong><\/p>\n<\/div><\/div>\n\n\n\n<p><\/p>\n\n\n\n<hr class=\"wp-block-separator aligncenter is-style-default\"\/>\n\n\n\n<div class=\"wp-block-group has-background-color has-accent-background-color has-text-color has-background\"><div class=\"wp-block-group__inner-container is-layout-flow wp-block-group-is-layout-flow\">\n<p class=\"has-text-align-center has-larger-font-size\"><strong>T\u00e9moignage d\u2019un musicien pour \u00e9tayer ce projet de reconstruction<\/strong><\/p>\n\n\n\n<p>\u00ab Pour un musicien professionnel, constamment &nbsp;dans &nbsp;la recherche et dans l\u2019exigence &nbsp;que n\u00e9cessite l\u2019art de manier les sons et les m\u00e9lodies afin de toucher les \u00e2mes, disposer d\u2019un instrument de grande qualit\u00e9 est absolument fondamental.&nbsp;<\/p>\n\n\n\n<p>En effet, quelle frustration de se sentir contraint, \u00e0 cause d\u2019un \u00ab outil \u00bb qui ne rendrait pas justice \u00e0 cet id\u00e9al.&nbsp;<\/p>\n\n\n\n<p>On comprend parfaitement qu\u2019un violon bon march\u00e9 limitera l\u2019artiste qui devra s\u2019en servir. Et &nbsp;par cons\u00e9quent, ce musicien et cet instrument ne pourront jamais porter le message de la musique &nbsp;&#8230;. m\u00eame avec la meilleure volont\u00e9 du monde. &nbsp;<\/p>\n\n\n\n<p>Et qu\u2019en d\u00e9finitive, un luthier qui, apr\u00e8s des ann\u00e9es d\u2019apprentissage, d\u2019exigences, remises en question, met au monde un instrument d\u2019exception, cela a un forc\u00e9ment un co\u00fbt.&nbsp;<\/p>\n\n\n\n<p>Mais, lorsque L\u2019artiste musicien et cet instrument d\u2019exception se rencontrent, ils sont enfin capables de toucher le c\u0153ur et les \u00e2mes au plus profond de nous&#8230; \u00bb<\/p>\n\n\n\n<hr class=\"wp-block-separator\"\/>\n\n\n\n<p><strong>Fr\u00e9d\u00e9ric Mellardi,&nbsp;1er trompette solo \u00e0 l&rsquo;orchestre de Paris.<\/strong><\/p>\n\n\n\n<p style=\"font-size:17px\">Fr\u00e9d\u00e9ric Mellardi, Colombien membre fondateur de l\u2019association Colombes.Orgue, et Domenico Severin, ont enregistr\u00e9 un CD de pi\u00e8ces musicales pour trompette et orgue, jou\u00e9 sur l&rsquo;orgue de Sainte Genevi\u00e8ve d&rsquo;Asni\u00e8res (en raison des dysfonctionnements de celui de Colombes)<\/p>\n<\/div><\/div>\n\n\n\n<div class=\"wp-block-group\"><div class=\"wp-block-group__inner-container is-layout-flow wp-block-group-is-layout-flow\">\n<div class=\"wp-block-group has-primary-color has-background-background-color has-text-color has-background is-layout-flow wp-block-group-is-layout-flow\"><div class=\"wp-block-group__inner-container\"><\/div><\/div>\n<\/div><\/div>\n\n\n\n<div class=\"wp-block-buttons is-content-justification-center is-layout-flex wp-block-buttons-is-layout-flex\">\n<div class=\"wp-block-button has-custom-width wp-block-button__width-50 is-style-outline is-style-outline--1\"><a class=\"wp-block-button__link has-accent-color has-subtle-background-background-color has-text-color has-background\" href=\"https:\/\/colombes-orgue.org\/?page_id=16\" style=\"border-radius:50px\">retour<\/a><\/div>\n<\/div>\n","protected":false},"excerpt":{"rendered":"<p>Une qualit\u00e9 musicale ambitieuse est naturellement une exigence inh\u00e9rente \u00e0 un projet de reconstruction de l\u2019orgue de Saint-Pierre Saint-Paul de Colombes. C\u2019est \u00e9videmment le but de ce projet.&nbsp; Les raisons associ\u00e9es \u00e0 ce but, en partie d\u00e9j\u00e0 \u00e9voqu\u00e9es plus haut,&nbsp;militent pour&nbsp;: un orgue dont la musicalit\u00e9 suscite l\u2019\u00e9motion\u2026 un instrument \u00e0 la hauteur du lieu\u2026. [&hellip;]<\/p>\n","protected":false},"author":1,"featured_media":0,"parent":0,"menu_order":0,"comment_status":"closed","ping_status":"closed","template":"templates\/template-full-width.php","meta":{"footnotes":""},"class_list":["post-180","page","type-page","status-publish","hentry"],"_links":{"self":[{"href":"https:\/\/colombes-orgue.org\/index.php?rest_route=\/wp\/v2\/pages\/180","targetHints":{"allow":["GET"]}}],"collection":[{"href":"https:\/\/colombes-orgue.org\/index.php?rest_route=\/wp\/v2\/pages"}],"about":[{"href":"https:\/\/colombes-orgue.org\/index.php?rest_route=\/wp\/v2\/types\/page"}],"author":[{"embeddable":true,"href":"https:\/\/colombes-orgue.org\/index.php?rest_route=\/wp\/v2\/users\/1"}],"replies":[{"embeddable":true,"href":"https:\/\/colombes-orgue.org\/index.php?rest_route=%2Fwp%2Fv2%2Fcomments&post=180"}],"version-history":[{"count":57,"href":"https:\/\/colombes-orgue.org\/index.php?rest_route=\/wp\/v2\/pages\/180\/revisions"}],"predecessor-version":[{"id":812,"href":"https:\/\/colombes-orgue.org\/index.php?rest_route=\/wp\/v2\/pages\/180\/revisions\/812"}],"wp:attachment":[{"href":"https:\/\/colombes-orgue.org\/index.php?rest_route=%2Fwp%2Fv2%2Fmedia&parent=180"}],"curies":[{"name":"wp","href":"https:\/\/api.w.org\/{rel}","templated":true}]}}