{"id":176,"date":"2021-03-30T18:36:27","date_gmt":"2021-03-30T16:36:27","guid":{"rendered":"https:\/\/colombes-orgue.org\/?page_id=176"},"modified":"2021-05-26T08:47:34","modified_gmt":"2021-05-26T06:47:34","slug":"volet-technique","status":"publish","type":"page","link":"https:\/\/colombes-orgue.org\/?page_id=176","title":{"rendered":"Volet technique"},"content":{"rendered":"\n<hr class=\"wp-block-separator\"\/>\n\n\n\n<div class=\"wp-block-group alignwide has-accent-background-color has-background\"><div class=\"wp-block-group__inner-container is-layout-flow wp-block-group-is-layout-flow\">\n<p>L\u2019objectif est de mettre en \u0153uvre des \u00e9quipements et r\u00e9aliser des travaux qui suppriment les actuels dysfonctionnements en tenant compte du contexte de l\u2019\u00e9glise d\u00e9crit par ailleurs.<\/p>\n\n\n\n<p>Il semble \u00e9vident que l\u2019actuelle traction m\u00e9canique ne pourra jamais assurer un fonctionnement stable de l\u2019instrument. Dans le contexte d\u2019une reconstruction, en particulier celle de la traction de l\u2019instrument, il est possible d&rsquo;envisager:<\/p>\n\n\n\n<p>soit de refaire une nouvelle m\u00e9canique,&nbsp;<\/p>\n\n\n\n<p>soit d&rsquo;utiliser un syst\u00e8me de traction \u00e9lectrique avec commande informatis\u00e9e.<\/p>\n\n\n\n<p>Aujourd\u2019hui, l\u2019\u00e9lectronique et l\u2019informatique appliqu\u00e9es \u00e0 l\u2019orgue ont fait leurs preuves et donnent des r\u00e9sultats inimaginables il y a encore dix ou quinze ans.&nbsp;<\/p>\n\n\n\n<p>C&rsquo;est pourquoi, le parti a \u00e9t\u00e9 pris de plus sp\u00e9cialement explorer cette solution et les nombreux avantages qu&rsquo;elle apporte.<\/p>\n<\/div><\/div>\n\n\n\n<div class=\"wp-block-group alignwide has-primary-color has-subtle-background-background-color has-text-color has-background\"><div class=\"wp-block-group__inner-container is-layout-flow wp-block-group-is-layout-flow\">\n<p class=\"has-text-align-center has-large-font-size\"><strong>Avantages de la commande \u00e9lectronique<\/strong><\/p>\n\n\n\n<p>Cette solution permet d\u2019\u00e9liminer les probl\u00e8mes de duret\u00e9 des claviers et d\u2019ouverture des jeux et des notes. Elle est aussi moins sensible au contexte particulier d\u2019une \u00e9glise en b\u00e9ton garantissant ainsi la p\u00e9rennit\u00e9 dans le temps du fonctionnement. Certes une reconstruction de la m\u00e9canique avec des composants adapt\u00e9s au contexte assurerait aussi un fonctionnement satisfaisant dans le temps.<\/p>\n\n\n\n<p>Il est envisag\u00e9 de compl\u00e9ter l\u2019orgue par un troisi\u00e8me clavier. La gestion informatis\u00e9e de l\u2019instrument, en exploitant au mieux le mat\u00e9riel sonore, pr\u00e9sente l&rsquo;avantage d\u2019\u00e9largir les possibilit\u00e9s musicales de l\u2019instrument \u00e0 des co\u00fbts raisonnables.<\/p>\n\n\n\n<p>Elle permet aussi de s\u00e9parer la console du corps sonore de l\u2019instrument. Ainsi la console est moderne, mobile et ergonomique.&nbsp;<\/p>\n\n\n\n<p>Mobile, la console peut \u00eatre librement plac\u00e9e dans l\u2019\u00e9glise. L\u2019organiste peut ainsi mieux \u00e9couter le r\u00e9sultat de son ex\u00e9cution, donc mieux contr\u00f4ler et ma\u00eetriser l\u2019instrument.<\/p>\n<\/div><\/div>\n\n\n\n<div class=\"wp-block-group alignwide has-accent-background-color has-background\"><div class=\"wp-block-group__inner-container is-layout-flow wp-block-group-is-layout-flow\">\n<p class=\"has-text-align-center has-large-font-size\"><strong>Construire un nouveau buffet<\/strong><\/p>\n\n\n\n<p>Le&nbsp;<em>buffet<\/em>&nbsp;est la partie visible de l\u2019orgue. Actuellement la tuyauterie n\u2019est pas plac\u00e9e \u00e0 l\u2019int\u00e9rieur d\u2019un&nbsp;<em>buffet<\/em>. Une s\u00e9rie de panneaux d\u00e9pourvus de toute valeur esth\u00e9tique cache le soubassement de l\u2019orgue.&nbsp;<\/p>\n\n\n\n<p>Repenser et construire le nouveau buffet est un projet technique et esth\u00e9tique. L&rsquo;orgue se doit d&rsquo;\u00eatre dot\u00e9 d\u2019un buffet qui soit en consonance avec l\u2019ensemble de l\u2019\u00e9glise et ses vitraux, mais aussi avec la musique que cet orgue pourra produire. Ce buffet sera con\u00e7u comme une r\u00e9alisation artistique qui r\u00e9sonne visuellement avec l\u2019\u00e9glise.<\/p>\n<\/div><\/div>\n\n\n\n<hr class=\"wp-block-separator\"\/>\n\n\n\n<div class=\"wp-block-buttons is-content-justification-center is-layout-flex wp-block-buttons-is-layout-flex\">\n<div class=\"wp-block-button has-custom-width wp-block-button__width-50\"><a class=\"wp-block-button__link\" href=\"https:\/\/colombes-orgue.org\/?page_id=16\" style=\"border-radius:50px\">retour<\/a><\/div>\n<\/div>\n","protected":false},"excerpt":{"rendered":"<p>L\u2019objectif est de mettre en \u0153uvre des \u00e9quipements et r\u00e9aliser des travaux qui suppriment les actuels dysfonctionnements en tenant compte du contexte de l\u2019\u00e9glise d\u00e9crit par ailleurs. Il semble \u00e9vident que l\u2019actuelle traction m\u00e9canique ne pourra jamais assurer un fonctionnement stable de l\u2019instrument. Dans le contexte d\u2019une reconstruction, en particulier celle de la traction de [&hellip;]<\/p>\n","protected":false},"author":1,"featured_media":0,"parent":0,"menu_order":0,"comment_status":"closed","ping_status":"closed","template":"templates\/template-full-width.php","meta":{"footnotes":""},"class_list":["post-176","page","type-page","status-publish","hentry"],"_links":{"self":[{"href":"https:\/\/colombes-orgue.org\/index.php?rest_route=\/wp\/v2\/pages\/176","targetHints":{"allow":["GET"]}}],"collection":[{"href":"https:\/\/colombes-orgue.org\/index.php?rest_route=\/wp\/v2\/pages"}],"about":[{"href":"https:\/\/colombes-orgue.org\/index.php?rest_route=\/wp\/v2\/types\/page"}],"author":[{"embeddable":true,"href":"https:\/\/colombes-orgue.org\/index.php?rest_route=\/wp\/v2\/users\/1"}],"replies":[{"embeddable":true,"href":"https:\/\/colombes-orgue.org\/index.php?rest_route=%2Fwp%2Fv2%2Fcomments&post=176"}],"version-history":[{"count":8,"href":"https:\/\/colombes-orgue.org\/index.php?rest_route=\/wp\/v2\/pages\/176\/revisions"}],"predecessor-version":[{"id":926,"href":"https:\/\/colombes-orgue.org\/index.php?rest_route=\/wp\/v2\/pages\/176\/revisions\/926"}],"wp:attachment":[{"href":"https:\/\/colombes-orgue.org\/index.php?rest_route=%2Fwp%2Fv2%2Fmedia&parent=176"}],"curies":[{"name":"wp","href":"https:\/\/api.w.org\/{rel}","templated":true}]}}