{"id":16,"date":"2021-01-11T11:10:44","date_gmt":"2021-01-11T10:10:44","guid":{"rendered":"http:\/\/colombes-orgue.org\/?page_id=16"},"modified":"2021-05-12T20:48:50","modified_gmt":"2021-05-12T18:48:50","slug":"le-projet-de-reconstruction","status":"publish","type":"page","link":"https:\/\/colombes-orgue.org\/?page_id=16","title":{"rendered":"LE PROJET DE RECONSTRUCTION"},"content":{"rendered":"\n<div class=\"wp-block-group alignwide has-background-color has-accent-background-color has-text-color has-background\"><div class=\"wp-block-group__inner-container is-layout-flow wp-block-group-is-layout-flow\">\n<p>L\u2019\u00e9glise de Colombes, avec sa capacit\u00e9 de plus de 1000 places, est l\u2019une des plus grandes du dioc\u00e8se de Nanterre. Etant plus grande que la cath\u00e9drale de Nanterre, il n\u2019est pas rare que les c\u00e9l\u00e9brations dioc\u00e9saines aient lieu dans cette \u00e9glise. Elle est souvent remplie \u00e0 l\u2019occasion des c\u00e9l\u00e9brations ou d\u2019autres manifestations.<\/p>\n\n\n\n<p>Le b\u00e2timent de l\u2019\u00e9glise en lui-m\u00eame, avec sa vo\u00fbte immense qui repose uniquement sur les murs lat\u00e9raux, est une prouesse d\u2019architecture. La disposition interne des places dans l\u2019\u00e9glise, l\u2019absence de piliers permettent ais\u00e9ment au public de voir ce qui se passe sur le devant. Cette configuration est tr\u00e8s rare, sinon unique.<\/p>\n\n\n\n<p>L\u2019objectif est de redonner \u00e0 cet orgue la dimension qu\u2019il m\u00e9rite. Il est essentiel que l\u2019instrument soit non seulement en \u00e9tat de fonctionner correctement, mais qu\u2019il ait les qualit\u00e9s musicales qui lui donnent la n\u00e9cessaire dimension artistique pour se mettre au service d\u2019une v\u00e9ritable ambition culturelle et cultuelle.<\/p>\n<\/div><\/div>\n\n\n\n<div class=\"wp-block-group alignwide has-subtle-background-background-color has-background\"><div class=\"wp-block-group__inner-container is-layout-flow wp-block-group-is-layout-flow\">\n<p class=\"has-text-align-center\"><strong>POURQUOI NE PAS RETENIR LA REPARATION DE L&rsquo;ORGUE<\/strong> <strong>?<\/strong><\/p>\n\n\n\n<p>On pourrait imaginer que l&rsquo;urgence consisterait \u00e0 r\u00e9parer l&rsquo;instrument. Cependant cette solution est \u00e0 \u00e9carter car les travaux de restauration r\u00e9alis\u00e9s dans les ann\u00e9es 2000 comportaient une part de r\u00e9paration et \u00e0 l&rsquo;\u00e9vidence, r\u00e9parer n&rsquo;a pas suffi \u2026&nbsp;<\/p>\n\n\n\n<p>En effet,&nbsp;<\/p>\n\n\n\n<ul class=\"wp-block-list\"><li>les m\u00e9canismes de l&rsquo;instrument continuent \u00e0 subir les conditions inh\u00e9rentes aux caract\u00e9ristiques de l&rsquo;\u00e9glise,<\/li><li>la succession des diff\u00e9rentes interventions se traduit par une conception des m\u00e9canismes et de l&rsquo;instrument en partie incoh\u00e9rente, rendant des fonctionnalit\u00e9s non op\u00e9rationnelles.<\/li><li>La qualit\u00e9 musicale de l&rsquo;instrument ne permettra pas d&rsquo;envisager de le mettre au service d&rsquo;une ambition culturelle\u2026<\/li><li>Le budget d&rsquo;une op\u00e9ration s\u00e9rieuse de r\u00e9vision et r\u00e9paration serait de toutes mani\u00e8res \u00e9lev\u00e9\u2026<\/li><\/ul>\n<\/div><\/div>\n\n\n\n<div class=\"wp-block-buttons alignwide is-layout-flex wp-block-buttons-is-layout-flex\"><\/div>\n\n\n\n<p><\/p>\n\n\n\n<div class=\"wp-block-columns is-layout-flex wp-container-core-columns-is-layout-9d6595d7 wp-block-columns-is-layout-flex\">\n<div class=\"wp-block-column is-layout-flow wp-block-column-is-layout-flow\" style=\"flex-basis:100%\">\n<div class=\"wp-block-columns is-layout-flex wp-container-core-columns-is-layout-9d6595d7 wp-block-columns-is-layout-flex\">\n<div class=\"wp-block-column is-layout-flow wp-block-column-is-layout-flow\" style=\"flex-basis:100%\">\n<div class=\"wp-block-columns alignfull has-accent-background-color has-background is-layout-flex wp-container-core-columns-is-layout-9d6595d7 wp-block-columns-is-layout-flex\">\n<div class=\"wp-block-column is-vertically-aligned-center is-layout-flow wp-block-column-is-layout-flow\" style=\"flex-basis:33.34%\">\n<p class=\"has-text-align-center\">LE PROJET DE RECONSTRUCTION<\/p>\n\n\n\n<p class=\"has-text-align-center\">VOLET TECHNIQUE<\/p>\n<\/div>\n\n\n\n<div class=\"wp-block-column is-layout-flow wp-block-column-is-layout-flow\" style=\"flex-basis:33.34%\">\n<p>L\u2019objectif est de mettre en \u0153uvre des \u00e9quipements et r\u00e9aliser des travaux qui suppriment les actuels dysfonctionnements en tenant compte du contexte de l\u2019\u00e9glise d\u00e9crit par ailleurs&#8230;.<\/p>\n\n\n\n<div class=\"wp-block-buttons is-layout-flex wp-block-buttons-is-layout-flex\"><\/div>\n<\/div>\n\n\n\n<div class=\"wp-block-column is-vertically-aligned-center is-layout-flow wp-block-column-is-layout-flow\" style=\"flex-basis:33.33%\">\n<div class=\"wp-block-buttons is-layout-flex wp-block-buttons-is-layout-flex\">\n<div class=\"wp-block-button has-custom-width wp-block-button__width-100 is-style-fill\"><a class=\"wp-block-button__link has-accent-color has-subtle-background-background-color has-text-color has-background\" href=\"https:\/\/colombes-orgue.org\/?page_id=176(ouvre un nouvel onglet)\" style=\"border-radius:49px\">EN SAVOIR pLUS<\/a><\/div>\n<\/div>\n<\/div>\n<\/div>\n\n\n\n<div class=\"wp-block-columns alignfull has-subtle-background-background-color has-background is-layout-flex wp-container-core-columns-is-layout-9d6595d7 wp-block-columns-is-layout-flex\">\n<div class=\"wp-block-column is-vertically-aligned-center is-layout-flow wp-block-column-is-layout-flow\" style=\"flex-basis:33.34%\">\n<p class=\"has-text-align-center\">LE PROJET DE RECONSTRUCTION<\/p>\n\n\n\n<p class=\"has-text-align-center\">VOLET ARTISTIQUE<\/p>\n<\/div>\n\n\n\n<div class=\"wp-block-column is-layout-flow wp-block-column-is-layout-flow\" style=\"flex-basis:33.34%\">\n<p>Une qualit\u00e9 musicale ambitieuse est naturellement une exigence inh\u00e9rente \u00e0 un projet de reconstruction de l\u2019orgue de Saint-Pierre Saint-Paul de Colombes. C\u2019est \u00e9videmment le but de ce projet..<\/p>\n\n\n\n<div class=\"wp-block-buttons is-layout-flex wp-block-buttons-is-layout-flex\"><\/div>\n<\/div>\n\n\n\n<div class=\"wp-block-column is-vertically-aligned-center is-layout-flow wp-block-column-is-layout-flow\" style=\"flex-basis:33.33%\">\n<div class=\"wp-block-buttons is-layout-flex wp-block-buttons-is-layout-flex\">\n<div class=\"wp-block-button has-custom-width wp-block-button__width-100 is-style-fill\"><a class=\"wp-block-button__link\" href=\"https:\/\/colombes-orgue.org\/?page_id=180(ouvre un nouvel onglet)\" style=\"border-radius:49px\">EN SAVOIR pLUS<\/a><\/div>\n<\/div>\n<\/div>\n<\/div>\n<\/div>\n<\/div>\n<\/div>\n<\/div>\n\n\n\n<p><\/p>\n\n\n\n<hr class=\"wp-block-separator\"\/>\n\n\n\n<div class=\"wp-block-buttons is-content-justification-center is-layout-flex wp-block-buttons-is-layout-flex\">\n<div class=\"wp-block-button has-custom-width wp-block-button__width-75 is-style-outline is-style-outline--1\"><a class=\"wp-block-button__link has-accent-color has-subtle-background-background-color has-text-color has-background\" href=\"https:\/\/colombes-orgue.org\" style=\"border-radius:50px\">retour \u00e0 l&rsquo;accueil<\/a><\/div>\n<\/div>\n\n\n\n<p><\/p>\n","protected":false},"excerpt":{"rendered":"<p>L\u2019\u00e9glise de Colombes, avec sa capacit\u00e9 de plus de 1000 places, est l\u2019une des plus grandes du dioc\u00e8se de Nanterre. Etant plus grande que la cath\u00e9drale de Nanterre, il n\u2019est pas rare que les c\u00e9l\u00e9brations dioc\u00e9saines aient lieu dans cette \u00e9glise. Elle est souvent remplie \u00e0 l\u2019occasion des c\u00e9l\u00e9brations ou d\u2019autres manifestations. Le b\u00e2timent de [&hellip;]<\/p>\n","protected":false},"author":1,"featured_media":0,"parent":0,"menu_order":0,"comment_status":"closed","ping_status":"closed","template":"templates\/template-full-width.php","meta":{"footnotes":""},"class_list":["post-16","page","type-page","status-publish","hentry"],"_links":{"self":[{"href":"https:\/\/colombes-orgue.org\/index.php?rest_route=\/wp\/v2\/pages\/16","targetHints":{"allow":["GET"]}}],"collection":[{"href":"https:\/\/colombes-orgue.org\/index.php?rest_route=\/wp\/v2\/pages"}],"about":[{"href":"https:\/\/colombes-orgue.org\/index.php?rest_route=\/wp\/v2\/types\/page"}],"author":[{"embeddable":true,"href":"https:\/\/colombes-orgue.org\/index.php?rest_route=\/wp\/v2\/users\/1"}],"replies":[{"embeddable":true,"href":"https:\/\/colombes-orgue.org\/index.php?rest_route=%2Fwp%2Fv2%2Fcomments&post=16"}],"version-history":[{"count":57,"href":"https:\/\/colombes-orgue.org\/index.php?rest_route=\/wp\/v2\/pages\/16\/revisions"}],"predecessor-version":[{"id":801,"href":"https:\/\/colombes-orgue.org\/index.php?rest_route=\/wp\/v2\/pages\/16\/revisions\/801"}],"wp:attachment":[{"href":"https:\/\/colombes-orgue.org\/index.php?rest_route=%2Fwp%2Fv2%2Fmedia&parent=16"}],"curies":[{"name":"wp","href":"https:\/\/api.w.org\/{rel}","templated":true}]}}