{"id":12,"date":"2021-01-11T11:09:33","date_gmt":"2021-01-11T10:09:33","guid":{"rendered":"http:\/\/colombes-orgue.org\/?page_id=12"},"modified":"2021-04-12T18:27:00","modified_gmt":"2021-04-12T16:27:00","slug":"lorgue","status":"publish","type":"page","link":"https:\/\/colombes-orgue.org\/?page_id=12","title":{"rendered":"L&rsquo;ORGUE"},"content":{"rendered":"\n<div class=\"wp-block-group\"><div class=\"wp-block-group__inner-container is-layout-flow wp-block-group-is-layout-flow\">\n<div class=\"wp-block-group alignwide\"><div class=\"wp-block-group__inner-container is-layout-flow wp-block-group-is-layout-flow\">\n<div class=\"wp-block-columns alignwide is-layout-flex wp-container-core-columns-is-layout-9d6595d7 wp-block-columns-is-layout-flex\">\n<div class=\"wp-block-column is-layout-flow wp-block-column-is-layout-flow\" style=\"flex-basis:100%\"><\/div>\n<\/div>\n\n\n\n<div class=\"wp-block-group is-layout-flow wp-block-group-is-layout-flow\"><div class=\"wp-block-group__inner-container\"><\/div><\/div>\n<\/div><\/div>\n<\/div><\/div>\n\n\n\n<div class=\"wp-block-media-text alignwide is-stacked-on-mobile is-image-fill has-accent-background-color has-background\"><figure class=\"wp-block-media-text__media\" style=\"background-image:url(https:\/\/colombes-orgue.org\/wp-content\/uploads\/2021\/01\/Clavier-3-1024x768.jpg);background-position:50% 50%\"><img loading=\"lazy\" decoding=\"async\" width=\"1024\" height=\"768\" src=\"https:\/\/colombes-orgue.org\/wp-content\/uploads\/2021\/01\/Clavier-3-1024x768.jpg\" alt=\"\" class=\"wp-image-66 size-full\" srcset=\"https:\/\/colombes-orgue.org\/wp-content\/uploads\/2021\/01\/Clavier-3-1024x768.jpg 1024w, https:\/\/colombes-orgue.org\/wp-content\/uploads\/2021\/01\/Clavier-3-300x225.jpg 300w, https:\/\/colombes-orgue.org\/wp-content\/uploads\/2021\/01\/Clavier-3-768x576.jpg 768w, https:\/\/colombes-orgue.org\/wp-content\/uploads\/2021\/01\/Clavier-3-1536x1152.jpg 1536w, https:\/\/colombes-orgue.org\/wp-content\/uploads\/2021\/01\/Clavier-3-2048x1536.jpg 2048w, https:\/\/colombes-orgue.org\/wp-content\/uploads\/2021\/01\/Clavier-3-1200x900.jpg 1200w, https:\/\/colombes-orgue.org\/wp-content\/uploads\/2021\/01\/Clavier-3-1980x1485.jpg 1980w\" sizes=\"auto, (max-width: 1024px) 100vw, 1024px\" \/><\/figure><div class=\"wp-block-media-text__content\">\n<p><\/p>\n\n\n\n<p class=\"has-text-align-center has-large-font-size\"><strong>L\u2019EGLISE<\/strong><\/p>\n\n\n\n<p>L\u2019\u00e9glise Saint Pierre St Paul de Colombes date probablement du XII<sup>e<\/sup>&nbsp;si\u00e8cle, agrandie et modifi\u00e9e plusieurs fois au cours des XIII<sup>e<\/sup>&nbsp;et XVI<sup>e<\/sup>&nbsp;si\u00e8cles. Au XVII<sup>e<\/sup>&nbsp;si\u00e8cle, la partie occidentale de l\u2019\u00e9glise est supprim\u00e9e pour laisser passage \u00e0 la Route Nationale 186 (axe Gabriel P\u00e9ri &#8211; Bournard). Le clocher est remani\u00e9 en 1844 puis entre 1888 et 1892 ainsi qu\u2019une partie de l\u2019\u00e9glise.<\/p>\n\n\n\n<p>En 1968, l\u2019ouverture de l\u2019axe Henri Barbusse vers le petit Gennevilliers rend n\u00e9cessaire la destruction de l\u2019\u00e9glise. Le clocher, bel exemple d\u2019architecture m\u00e9di\u00e9vale ainsi que deux trav\u00e9es sont \u00e9pargn\u00e9s gr\u00e2ce \u00e0 un groupe de b\u00e9n\u00e9voles mobilis\u00e9s.&nbsp;\u00c0 cette occasion, des sarcophages m\u00e9rovingiens sont retrouv\u00e9s. La m\u00eame ann\u00e9e une nouvelle \u00e9glise Saint-Pierre Saint-Paul, est construite par l\u2019architecte H\u00e9brard \u00e0 quelques centaines de m\u00e8tres, rue Beaurepaire. L\u2019ancienne \u00e9glise de Colombes fait partie de l\u2019inventaire suppl\u00e9mentaire des Monuments Historiques depuis 1937.<\/p>\n\n\n\n<p><\/p>\n\n\n\n<hr class=\"wp-block-separator\"\/>\n\n\n\n<p class=\"has-text-align-center has-large-font-size\"><strong>L&rsquo;ORGUE<\/strong><\/p>\n\n\n\n<p>L\u2019instrument de l\u2019\u00e9glise a \u00e9t\u00e9 command\u00e9 en 1905 au facteur d\u2019orgue Charles Mutin, qui depuis l\u2019\u00e2ge de 14 ans, travaillait dans le c\u00e9l\u00e8bre atelier de facture d\u2019orgue de Cavaill\u00e9-Coll. En 1898, il reprit l\u2019entreprise Cavaill\u00e9-Coll.<\/p>\n\n\n\n<p>A l\u2019origine, l\u2019instrument de petite taille \u00e9tait adapt\u00e9 \u00e0 une \u00e9glise aux dimensions modestes. Il poss\u00e8de les qualit\u00e9s et les limites d\u2019un bel orgue de ch\u0153ur (par opposition aux grands orgues de tribune).&nbsp;<\/p>\n\n\n\n<p>En 1968, il devient l\u2019orgue principal d\u2019une vaste \u00e9glise. De part sa conception, il ne peut fournir la puissance sonore n\u00e9cessaire \u00e0 cette nouvelle \u00e9glise. C\u2019est pourquoi, il a \u00e9t\u00e9 remani\u00e9 pour ajouter de nombreux jeux.<\/p>\n\n\n\n<p>L\u2019ensemble de la tuyauterie a fait l\u2019objet de manipulations assez lourdes vers des sonorit\u00e9s baroques pour correspondre aux go\u00fbts en vogue des ann\u00e9es 1970.<\/p>\n\n\n\n<p><\/p>\n<\/div><\/div>\n\n\n\n<hr class=\"wp-block-separator\"\/>\n\n\n\n<div class=\"wp-block-group\"><div class=\"wp-block-group__inner-container is-layout-flow wp-block-group-is-layout-flow\">\n<p><\/p>\n\n\n\n<div class=\"wp-block-buttons is-content-justification-center is-layout-flex wp-block-buttons-is-layout-flex\">\n<div class=\"wp-block-button has-custom-width wp-block-button__width-50 is-style-outline is-style-outline--1\"><a class=\"wp-block-button__link has-accent-color has-subtle-background-background-color has-text-color has-background\" href=\"https:\/\/colombes-orgue.org\" style=\"border-radius:41px\">Retour \u00e0 l&rsquo;accueil<\/a><\/div>\n<\/div>\n<\/div><\/div>\n\n\n\n<p><\/p>\n","protected":false},"excerpt":{"rendered":"","protected":false},"author":1,"featured_media":0,"parent":0,"menu_order":0,"comment_status":"closed","ping_status":"closed","template":"templates\/template-full-width.php","meta":{"footnotes":""},"class_list":["post-12","page","type-page","status-publish","hentry"],"_links":{"self":[{"href":"https:\/\/colombes-orgue.org\/index.php?rest_route=\/wp\/v2\/pages\/12","targetHints":{"allow":["GET"]}}],"collection":[{"href":"https:\/\/colombes-orgue.org\/index.php?rest_route=\/wp\/v2\/pages"}],"about":[{"href":"https:\/\/colombes-orgue.org\/index.php?rest_route=\/wp\/v2\/types\/page"}],"author":[{"embeddable":true,"href":"https:\/\/colombes-orgue.org\/index.php?rest_route=\/wp\/v2\/users\/1"}],"replies":[{"embeddable":true,"href":"https:\/\/colombes-orgue.org\/index.php?rest_route=%2Fwp%2Fv2%2Fcomments&post=12"}],"version-history":[{"count":32,"href":"https:\/\/colombes-orgue.org\/index.php?rest_route=\/wp\/v2\/pages\/12\/revisions"}],"predecessor-version":[{"id":497,"href":"https:\/\/colombes-orgue.org\/index.php?rest_route=\/wp\/v2\/pages\/12\/revisions\/497"}],"wp:attachment":[{"href":"https:\/\/colombes-orgue.org\/index.php?rest_route=%2Fwp%2Fv2%2Fmedia&parent=12"}],"curies":[{"name":"wp","href":"https:\/\/api.w.org\/{rel}","templated":true}]}}